{"id":284,"date":"2024-03-25T12:33:52","date_gmt":"2024-03-25T11:33:52","guid":{"rendered":"https:\/\/clairegillet.com\/?page_id=284"},"modified":"2024-09-09T15:19:40","modified_gmt":"2024-09-09T13:19:40","slug":"a-propos","status":"publish","type":"page","link":"https:\/\/clairegillet.com\/?page_id=284","title":{"rendered":"\u00c0 propos&#8230;"},"content":{"rendered":"\n<figure class=\"wp-block-image size-large is-resized\"><img loading=\"lazy\" decoding=\"async\" width=\"683\" height=\"1024\" src=\"https:\/\/clairegillet.com\/wp-content\/uploads\/2024\/09\/Claire\u220fJulieHauber-5_def-683x1024.jpg\" alt=\"\" class=\"wp-image-685\" style=\"width:137px;height:auto\" srcset=\"https:\/\/clairegillet.com\/wp-content\/uploads\/2024\/09\/Claire\u220fJulieHauber-5_def-683x1024.jpg 683w, https:\/\/clairegillet.com\/wp-content\/uploads\/2024\/09\/Claire\u220fJulieHauber-5_def-200x300.jpg 200w, https:\/\/clairegillet.com\/wp-content\/uploads\/2024\/09\/Claire\u220fJulieHauber-5_def-768x1152.jpg 768w, https:\/\/clairegillet.com\/wp-content\/uploads\/2024\/09\/Claire\u220fJulieHauber-5_def-1024x1536.jpg 1024w, https:\/\/clairegillet.com\/wp-content\/uploads\/2024\/09\/Claire\u220fJulieHauber-5_def-1366x2048.jpg 1366w, https:\/\/clairegillet.com\/wp-content\/uploads\/2024\/09\/Claire\u220fJulieHauber-5_def-scaled.jpg 1707w\" sizes=\"auto, (max-width: 683px) 100vw, 683px\" \/><\/figure>\n\n\n\n<p><\/p>\n\n\n\n<p><\/p>\n\n\n\n<p>Qui suis-je ?<\/p>\n\n\n\n<p>Photographe auteure, je me suis toujours int\u00e9ress\u00e9e \u00e0 ce m\u00e9dia qu\u2019est la photographie. Je l\u2019ai toujours trouv\u00e9 intriguant car photographier pour moi ce n\u2019est pas juste d\u2019appuyer sur un bouton.<br>Arriver \u00e0 \u00ab capturer \u00bb des moments de vies parfois intimes, saisir ce que nos liens peuvent avoir d\u2019indicible, de fixer cet instant.<\/p>\n\n\n\n<p>Pour le garder en m\u00e9moire, tout ceci est un challenge.<br>La photographie t\u00e9moigne, d\u2019un fait, d\u2019une cause, mais ne capture jamais une v\u00e9rit\u00e9. Elle se mesure en permanence aux regards critiques sans jamais se d\u00e9fausser de ce qu\u2019elle engage, de sa port\u00e9e figurative. La photographie m\u2019a constamment questionn\u00e9 sur mes propre limites. Jusqu\u2019o\u00f9 je peux aller en photographiant? Quelles sont les limites des sujets abord\u00e9s, des personnes photographi\u00e9es, qu\u2019ont-elles vraiment envie de montrer, que veulent- elles cacher&#8230;<\/p>\n\n\n\n<p>C\u2019est aussi pour moi une question de transmission. Comme ces photographies anciennes que l\u2019on retrouve parfois en attente d\u2019un potentiel acheteur sur le sol d\u2019une brocante. Ces yeux qui regardent l\u2019objectif ou peut \u00eatre le photographe, qu\u2019ont-ils r\u00e9ellement \u00e0 nous dire, \u00e0 nous transmettre ?<\/p>\n\n\n\n<p>J\u2019ai toujours trouv\u00e9 cela fascinant d\u2019observer la position que prennent \u00e0 la fois les photographes et leurs mod\u00e8les.<\/p>\n\n\n\n<p>Qu\u2019a-t-on r\u00e9ellement le droit de montrer, de raconter ou d\u2019interpr\u00e9ter selon notre propre v\u00e9cue et ceux de nos anc\u00eatres? Que transporte-t- on r\u00e9ellement aux travers les \u00e2ges, de soi comme de ceux qui nous ont pr\u00e9c\u00e9d\u00e9s ?<\/p>\n\n\n\n<p>Apr\u00e8s quelques p\u00e9riples en Afrique, en Inde et en Europe je me pose toujours les m\u00eames questions&#8230; Et je poursuis ma route de photographe en m\u2019adaptant aux personnes que je rencontre avec humilit\u00e9, \u00e9coute et bienveillance.<\/p>\n","protected":false},"excerpt":{"rendered":"<p>Qui suis-je ? Photographe auteure, je me suis toujours int\u00e9ress\u00e9e \u00e0 ce m\u00e9dia qu\u2019est la photographie. Je l\u2019ai toujours trouv\u00e9&hellip; <\/p>\n","protected":false},"author":1,"featured_media":0,"parent":0,"menu_order":0,"comment_status":"closed","ping_status":"closed","template":"","meta":{"footnotes":""},"class_list":["post-284","page","type-page","status-publish","hentry"],"jetpack_sharing_enabled":true,"_links":{"self":[{"href":"https:\/\/clairegillet.com\/index.php?rest_route=\/wp\/v2\/pages\/284","targetHints":{"allow":["GET"]}}],"collection":[{"href":"https:\/\/clairegillet.com\/index.php?rest_route=\/wp\/v2\/pages"}],"about":[{"href":"https:\/\/clairegillet.com\/index.php?rest_route=\/wp\/v2\/types\/page"}],"author":[{"embeddable":true,"href":"https:\/\/clairegillet.com\/index.php?rest_route=\/wp\/v2\/users\/1"}],"replies":[{"embeddable":true,"href":"https:\/\/clairegillet.com\/index.php?rest_route=%2Fwp%2Fv2%2Fcomments&post=284"}],"version-history":[{"count":4,"href":"https:\/\/clairegillet.com\/index.php?rest_route=\/wp\/v2\/pages\/284\/revisions"}],"predecessor-version":[{"id":688,"href":"https:\/\/clairegillet.com\/index.php?rest_route=\/wp\/v2\/pages\/284\/revisions\/688"}],"wp:attachment":[{"href":"https:\/\/clairegillet.com\/index.php?rest_route=%2Fwp%2Fv2%2Fmedia&parent=284"}],"curies":[{"name":"wp","href":"https:\/\/api.w.org\/{rel}","templated":true}]}}