{"id":252,"date":"2024-03-25T11:09:02","date_gmt":"2024-03-25T10:09:02","guid":{"rendered":"https:\/\/clairegillet.com\/?page_id=252"},"modified":"2026-03-06T11:06:00","modified_gmt":"2026-03-06T10:06:00","slug":"la-zoodobox-en-action","status":"publish","type":"page","link":"https:\/\/clairegillet.com\/?page_id=252","title":{"rendered":"La Zoodobox en action !"},"content":{"rendered":"\n<div class=\"wp-block-columns is-layout-flex wp-container-core-columns-is-layout-9d6595d7 wp-block-columns-is-layout-flex\">\n<div class=\"wp-block-column is-layout-flow wp-block-column-is-layout-flow\" style=\"flex-basis:50%\">\n<figure class=\"wp-block-gallery has-nested-images columns-default is-cropped wp-block-gallery-1 is-layout-flex wp-block-gallery-is-layout-flex\">\n<figure class=\"wp-block-image size-large\"><img loading=\"lazy\" decoding=\"async\" width=\"768\" height=\"1024\" data-id=\"544\" src=\"https:\/\/clairegillet.com\/wp-content\/uploads\/2024\/04\/IMG_5432-768x1024.jpg\" alt=\"\" class=\"wp-image-544\" srcset=\"https:\/\/clairegillet.com\/wp-content\/uploads\/2024\/04\/IMG_5432-768x1024.jpg 768w, https:\/\/clairegillet.com\/wp-content\/uploads\/2024\/04\/IMG_5432-225x300.jpg 225w, https:\/\/clairegillet.com\/wp-content\/uploads\/2024\/04\/IMG_5432-1152x1536.jpg 1152w, https:\/\/clairegillet.com\/wp-content\/uploads\/2024\/04\/IMG_5432-1536x2048.jpg 1536w, https:\/\/clairegillet.com\/wp-content\/uploads\/2024\/04\/IMG_5432-scaled.jpg 1920w\" sizes=\"auto, (max-width: 768px) 100vw, 768px\" \/><figcaption class=\"wp-element-caption\">D\u00e9but et r\u00e9cup\u00e9ration de la Zoodobox<\/figcaption><\/figure>\n<\/figure>\n<\/div>\n\n\n\n<div class=\"wp-block-column is-layout-flow wp-block-column-is-layout-flow\" style=\"flex-basis:50%\">\n<figure class=\"wp-block-gallery has-nested-images columns-default is-cropped wp-block-gallery-2 is-layout-flex wp-block-gallery-is-layout-flex\">\n<figure class=\"wp-block-image size-large\"><img loading=\"lazy\" decoding=\"async\" width=\"768\" height=\"1024\" data-id=\"545\" src=\"https:\/\/clairegillet.com\/wp-content\/uploads\/2024\/04\/IMG_9523-768x1024.jpg\" alt=\"\" class=\"wp-image-545\" srcset=\"https:\/\/clairegillet.com\/wp-content\/uploads\/2024\/04\/IMG_9523-768x1024.jpg 768w, https:\/\/clairegillet.com\/wp-content\/uploads\/2024\/04\/IMG_9523-225x300.jpg 225w, https:\/\/clairegillet.com\/wp-content\/uploads\/2024\/04\/IMG_9523-1152x1536.jpg 1152w, https:\/\/clairegillet.com\/wp-content\/uploads\/2024\/04\/IMG_9523-1536x2048.jpg 1536w, https:\/\/clairegillet.com\/wp-content\/uploads\/2024\/04\/IMG_9523-scaled.jpg 1920w\" sizes=\"auto, (max-width: 768px) 100vw, 768px\" \/><figcaption class=\"wp-element-caption\">Mise en place lors d&rsquo;une soir\u00e9e bien-\u00eatre<\/figcaption><\/figure>\n<\/figure>\n<\/div>\n<\/div>\n\n\n\n<div class=\"wp-block-columns is-layout-flex wp-container-core-columns-is-layout-9d6595d7 wp-block-columns-is-layout-flex\">\n<div class=\"wp-block-column is-layout-flow wp-block-column-is-layout-flow\" style=\"flex-basis:100%\">\n<div class=\"wp-block-group is-nowrap is-layout-flex wp-container-core-group-is-layout-ad2f72ca wp-block-group-is-layout-flex\">\n<div class=\"wp-block-columns is-layout-flex wp-container-core-columns-is-layout-9d6595d7 wp-block-columns-is-layout-flex\">\n<div class=\"wp-block-column is-vertically-aligned-stretch is-layout-flow wp-block-column-is-layout-flow\" style=\"flex-basis:100%\">\n<div class=\"wp-block-group\"><div class=\"wp-block-group__inner-container is-layout-constrained wp-block-group-is-layout-constrained\">\n<div class=\"wp-block-columns is-layout-flex wp-container-core-columns-is-layout-9d6595d7 wp-block-columns-is-layout-flex\">\n<div class=\"wp-block-column is-layout-flow wp-block-column-is-layout-flow\" style=\"flex-basis:100%\">\n<div class=\"wp-block-group\"><div class=\"wp-block-group__inner-container is-layout-constrained wp-block-group-is-layout-constrained\">\n<blockquote class=\"wp-block-quote is-layout-flow wp-block-quote-is-layout-flow\">\n<div class=\"wp-block-group is-nowrap is-layout-flex wp-container-core-group-is-layout-ad2f72ca wp-block-group-is-layout-flex\">\n<figure class=\"wp-block-gallery has-nested-images columns-default is-cropped wp-block-gallery-3 is-layout-flex wp-block-gallery-is-layout-flex\">\n<figure class=\"wp-block-image alignfull size-large\"><img loading=\"lazy\" decoding=\"async\" width=\"1024\" height=\"768\" data-id=\"546\" src=\"https:\/\/clairegillet.com\/wp-content\/uploads\/2024\/04\/IMG_9733-1024x768.jpg\" alt=\"\" class=\"wp-image-546\" srcset=\"https:\/\/clairegillet.com\/wp-content\/uploads\/2024\/04\/IMG_9733-1024x768.jpg 1024w, https:\/\/clairegillet.com\/wp-content\/uploads\/2024\/04\/IMG_9733-300x225.jpg 300w, https:\/\/clairegillet.com\/wp-content\/uploads\/2024\/04\/IMG_9733-768x576.jpg 768w, https:\/\/clairegillet.com\/wp-content\/uploads\/2024\/04\/IMG_9733-1536x1152.jpg 1536w, https:\/\/clairegillet.com\/wp-content\/uploads\/2024\/04\/IMG_9733-2048x1536.jpg 2048w\" sizes=\"auto, (max-width: 1024px) 100vw, 1024px\" \/><figcaption class=\"wp-element-caption\">Lors d&rsquo;un mariage Boh\u00e8me<\/figcaption><\/figure>\n<\/figure>\n\n\n\n<figure class=\"wp-block-gallery has-nested-images columns-default is-cropped wp-block-gallery-4 is-layout-flex wp-block-gallery-is-layout-flex\">\n<figure class=\"wp-block-image size-large\"><img loading=\"lazy\" decoding=\"async\" width=\"768\" height=\"1024\" data-id=\"547\" src=\"https:\/\/clairegillet.com\/wp-content\/uploads\/2024\/04\/Location-40-ans-768x1024.jpg\" alt=\"\" class=\"wp-image-547\" srcset=\"https:\/\/clairegillet.com\/wp-content\/uploads\/2024\/04\/Location-40-ans-768x1024.jpg 768w, https:\/\/clairegillet.com\/wp-content\/uploads\/2024\/04\/Location-40-ans-225x300.jpg 225w, https:\/\/clairegillet.com\/wp-content\/uploads\/2024\/04\/Location-40-ans-1152x1536.jpg 1152w, https:\/\/clairegillet.com\/wp-content\/uploads\/2024\/04\/Location-40-ans-1536x2048.jpg 1536w, https:\/\/clairegillet.com\/wp-content\/uploads\/2024\/04\/Location-40-ans-scaled.jpg 1920w\" sizes=\"auto, (max-width: 768px) 100vw, 768px\" \/><figcaption class=\"wp-element-caption\">Lors d&rsquo;un anniversaire surprise!<\/figcaption><\/figure>\n<\/figure>\n<\/div>\n<\/blockquote>\n<\/div><\/div>\n<\/div>\n<\/div>\n<\/div><\/div>\n<\/div>\n<\/div>\n<\/div>\n<\/div>\n<\/div>\n\n\n\n<figure class=\"wp-block-image size-large\"><img loading=\"lazy\" decoding=\"async\" width=\"1024\" height=\"771\" src=\"https:\/\/clairegillet.com\/wp-content\/uploads\/2026\/03\/PXL_20250628_080246263-1024x771.jpg\" alt=\"\" class=\"wp-image-894\" srcset=\"https:\/\/clairegillet.com\/wp-content\/uploads\/2026\/03\/PXL_20250628_080246263-1024x771.jpg 1024w, https:\/\/clairegillet.com\/wp-content\/uploads\/2026\/03\/PXL_20250628_080246263-300x226.jpg 300w, https:\/\/clairegillet.com\/wp-content\/uploads\/2026\/03\/PXL_20250628_080246263-768x578.jpg 768w, https:\/\/clairegillet.com\/wp-content\/uploads\/2026\/03\/PXL_20250628_080246263-1536x1157.jpg 1536w, https:\/\/clairegillet.com\/wp-content\/uploads\/2026\/03\/PXL_20250628_080246263-2048x1542.jpg 2048w\" sizes=\"auto, (max-width: 1024px) 100vw, 1024px\" \/><\/figure>\n\n\n\n<figure class=\"wp-block-image size-large\"><img loading=\"lazy\" decoding=\"async\" width=\"771\" height=\"1024\" src=\"https:\/\/clairegillet.com\/wp-content\/uploads\/2026\/03\/PXL_20250213_103626385-771x1024.jpg\" alt=\"\" class=\"wp-image-890\" srcset=\"https:\/\/clairegillet.com\/wp-content\/uploads\/2026\/03\/PXL_20250213_103626385-771x1024.jpg 771w, https:\/\/clairegillet.com\/wp-content\/uploads\/2026\/03\/PXL_20250213_103626385-226x300.jpg 226w, https:\/\/clairegillet.com\/wp-content\/uploads\/2026\/03\/PXL_20250213_103626385-768x1020.jpg 768w, https:\/\/clairegillet.com\/wp-content\/uploads\/2026\/03\/PXL_20250213_103626385-1157x1536.jpg 1157w, https:\/\/clairegillet.com\/wp-content\/uploads\/2026\/03\/PXL_20250213_103626385-1542x2048.jpg 1542w, https:\/\/clairegillet.com\/wp-content\/uploads\/2026\/03\/PXL_20250213_103626385-scaled.jpg 1928w\" sizes=\"auto, (max-width: 771px) 100vw, 771px\" \/><\/figure>\n\n\n\n<figure class=\"wp-block-gallery has-nested-images columns-default is-cropped wp-block-gallery-5 is-layout-flex wp-block-gallery-is-layout-flex\">\n<figure class=\"wp-block-image size-large is-style-default\"><img loading=\"lazy\" decoding=\"async\" width=\"1024\" height=\"771\" data-id=\"918\" src=\"https:\/\/clairegillet.com\/wp-content\/uploads\/2026\/03\/PXL_20251213_153204347.MP_-1024x771.jpg\" alt=\"\" class=\"wp-image-918\" srcset=\"https:\/\/clairegillet.com\/wp-content\/uploads\/2026\/03\/PXL_20251213_153204347.MP_-1024x771.jpg 1024w, https:\/\/clairegillet.com\/wp-content\/uploads\/2026\/03\/PXL_20251213_153204347.MP_-300x226.jpg 300w, https:\/\/clairegillet.com\/wp-content\/uploads\/2026\/03\/PXL_20251213_153204347.MP_-768x578.jpg 768w, https:\/\/clairegillet.com\/wp-content\/uploads\/2026\/03\/PXL_20251213_153204347.MP_-1536x1157.jpg 1536w, https:\/\/clairegillet.com\/wp-content\/uploads\/2026\/03\/PXL_20251213_153204347.MP_-2048x1542.jpg 2048w\" sizes=\"auto, (max-width: 1024px) 100vw, 1024px\" \/><\/figure>\n\n\n\n<figure class=\"wp-block-image size-large\"><img loading=\"lazy\" decoding=\"async\" width=\"771\" height=\"1024\" data-id=\"916\" src=\"https:\/\/clairegillet.com\/wp-content\/uploads\/2026\/03\/PXL_20251213_153118108-771x1024.jpg\" alt=\"\" class=\"wp-image-916\" srcset=\"https:\/\/clairegillet.com\/wp-content\/uploads\/2026\/03\/PXL_20251213_153118108-771x1024.jpg 771w, https:\/\/clairegillet.com\/wp-content\/uploads\/2026\/03\/PXL_20251213_153118108-226x300.jpg 226w, https:\/\/clairegillet.com\/wp-content\/uploads\/2026\/03\/PXL_20251213_153118108-768x1020.jpg 768w, https:\/\/clairegillet.com\/wp-content\/uploads\/2026\/03\/PXL_20251213_153118108-1157x1536.jpg 1157w, https:\/\/clairegillet.com\/wp-content\/uploads\/2026\/03\/PXL_20251213_153118108-1542x2048.jpg 1542w, https:\/\/clairegillet.com\/wp-content\/uploads\/2026\/03\/PXL_20251213_153118108-scaled.jpg 1928w\" sizes=\"auto, (max-width: 771px) 100vw, 771px\" \/><\/figure>\n<\/figure>\n\n\n\n<div class=\"wp-block-columns is-layout-flex wp-container-core-columns-is-layout-9d6595d7 wp-block-columns-is-layout-flex\">\n<div class=\"wp-block-column is-layout-flow wp-block-column-is-layout-flow\" style=\"flex-basis:100%\">\n<figure class=\"wp-block-gallery has-nested-images columns-default is-cropped wp-block-gallery-6 is-layout-flex wp-block-gallery-is-layout-flex\">\n<figure class=\"wp-block-image size-large\"><img loading=\"lazy\" decoding=\"async\" width=\"771\" height=\"1024\" data-id=\"888\" src=\"https:\/\/clairegillet.com\/wp-content\/uploads\/2026\/03\/PXL_20250201_164646437-771x1024.jpg\" alt=\"\" class=\"wp-image-888\" srcset=\"https:\/\/clairegillet.com\/wp-content\/uploads\/2026\/03\/PXL_20250201_164646437-771x1024.jpg 771w, https:\/\/clairegillet.com\/wp-content\/uploads\/2026\/03\/PXL_20250201_164646437-226x300.jpg 226w, https:\/\/clairegillet.com\/wp-content\/uploads\/2026\/03\/PXL_20250201_164646437-768x1020.jpg 768w, https:\/\/clairegillet.com\/wp-content\/uploads\/2026\/03\/PXL_20250201_164646437-1157x1536.jpg 1157w, https:\/\/clairegillet.com\/wp-content\/uploads\/2026\/03\/PXL_20250201_164646437-1542x2048.jpg 1542w, https:\/\/clairegillet.com\/wp-content\/uploads\/2026\/03\/PXL_20250201_164646437-scaled.jpg 1928w\" sizes=\"auto, (max-width: 771px) 100vw, 771px\" \/><\/figure>\n\n\n\n<figure class=\"wp-block-image size-large\"><img loading=\"lazy\" decoding=\"async\" width=\"1024\" height=\"771\" data-id=\"922\" src=\"https:\/\/clairegillet.com\/wp-content\/uploads\/2026\/03\/PXL_20251004_141720567-1024x771.jpg\" alt=\"\" class=\"wp-image-922\" srcset=\"https:\/\/clairegillet.com\/wp-content\/uploads\/2026\/03\/PXL_20251004_141720567-1024x771.jpg 1024w, https:\/\/clairegillet.com\/wp-content\/uploads\/2026\/03\/PXL_20251004_141720567-300x226.jpg 300w, https:\/\/clairegillet.com\/wp-content\/uploads\/2026\/03\/PXL_20251004_141720567-768x578.jpg 768w, https:\/\/clairegillet.com\/wp-content\/uploads\/2026\/03\/PXL_20251004_141720567-1536x1157.jpg 1536w, https:\/\/clairegillet.com\/wp-content\/uploads\/2026\/03\/PXL_20251004_141720567-2048x1542.jpg 2048w\" sizes=\"auto, (max-width: 1024px) 100vw, 1024px\" \/><\/figure>\n\n\n\n<figure class=\"wp-block-image size-large\"><img loading=\"lazy\" decoding=\"async\" width=\"771\" height=\"1024\" data-id=\"913\" src=\"https:\/\/clairegillet.com\/wp-content\/uploads\/2026\/03\/PXL_20250711_092501735.PORTRAIT-771x1024.jpg\" alt=\"\" class=\"wp-image-913\" srcset=\"https:\/\/clairegillet.com\/wp-content\/uploads\/2026\/03\/PXL_20250711_092501735.PORTRAIT-771x1024.jpg 771w, https:\/\/clairegillet.com\/wp-content\/uploads\/2026\/03\/PXL_20250711_092501735.PORTRAIT-226x300.jpg 226w, https:\/\/clairegillet.com\/wp-content\/uploads\/2026\/03\/PXL_20250711_092501735.PORTRAIT-768x1020.jpg 768w, https:\/\/clairegillet.com\/wp-content\/uploads\/2026\/03\/PXL_20250711_092501735.PORTRAIT-1157x1536.jpg 1157w, https:\/\/clairegillet.com\/wp-content\/uploads\/2026\/03\/PXL_20250711_092501735.PORTRAIT-1542x2048.jpg 1542w, https:\/\/clairegillet.com\/wp-content\/uploads\/2026\/03\/PXL_20250711_092501735.PORTRAIT-scaled.jpg 1928w\" sizes=\"auto, (max-width: 771px) 100vw, 771px\" \/><\/figure>\n\n\n\n<figure class=\"wp-block-image size-large\"><img loading=\"lazy\" decoding=\"async\" width=\"1024\" height=\"771\" data-id=\"911\" src=\"https:\/\/clairegillet.com\/wp-content\/uploads\/2026\/03\/PXL_20250711_092424944-1024x771.jpg\" alt=\"\" class=\"wp-image-911\" srcset=\"https:\/\/clairegillet.com\/wp-content\/uploads\/2026\/03\/PXL_20250711_092424944-1024x771.jpg 1024w, https:\/\/clairegillet.com\/wp-content\/uploads\/2026\/03\/PXL_20250711_092424944-300x226.jpg 300w, https:\/\/clairegillet.com\/wp-content\/uploads\/2026\/03\/PXL_20250711_092424944-768x578.jpg 768w, https:\/\/clairegillet.com\/wp-content\/uploads\/2026\/03\/PXL_20250711_092424944-1536x1157.jpg 1536w, https:\/\/clairegillet.com\/wp-content\/uploads\/2026\/03\/PXL_20250711_092424944-2048x1542.jpg 2048w\" sizes=\"auto, (max-width: 1024px) 100vw, 1024px\" \/><\/figure>\n\n\n\n<figure class=\"wp-block-image size-large\"><img loading=\"lazy\" decoding=\"async\" width=\"1024\" height=\"771\" data-id=\"907\" src=\"https:\/\/clairegillet.com\/wp-content\/uploads\/2026\/03\/PXL_20251219_180223884-1024x771.jpg\" alt=\"\" class=\"wp-image-907\" srcset=\"https:\/\/clairegillet.com\/wp-content\/uploads\/2026\/03\/PXL_20251219_180223884-1024x771.jpg 1024w, https:\/\/clairegillet.com\/wp-content\/uploads\/2026\/03\/PXL_20251219_180223884-300x226.jpg 300w, https:\/\/clairegillet.com\/wp-content\/uploads\/2026\/03\/PXL_20251219_180223884-768x578.jpg 768w, https:\/\/clairegillet.com\/wp-content\/uploads\/2026\/03\/PXL_20251219_180223884-1536x1157.jpg 1536w, https:\/\/clairegillet.com\/wp-content\/uploads\/2026\/03\/PXL_20251219_180223884-2048x1542.jpg 2048w\" sizes=\"auto, (max-width: 1024px) 100vw, 1024px\" \/><\/figure>\n\n\n\n<figure class=\"wp-block-image size-large\"><img loading=\"lazy\" decoding=\"async\" width=\"1024\" height=\"771\" data-id=\"908\" src=\"https:\/\/clairegillet.com\/wp-content\/uploads\/2026\/03\/PXL_20251219_181051023-1024x771.jpg\" alt=\"\" class=\"wp-image-908\" srcset=\"https:\/\/clairegillet.com\/wp-content\/uploads\/2026\/03\/PXL_20251219_181051023-1024x771.jpg 1024w, https:\/\/clairegillet.com\/wp-content\/uploads\/2026\/03\/PXL_20251219_181051023-300x226.jpg 300w, https:\/\/clairegillet.com\/wp-content\/uploads\/2026\/03\/PXL_20251219_181051023-768x578.jpg 768w, https:\/\/clairegillet.com\/wp-content\/uploads\/2026\/03\/PXL_20251219_181051023-1536x1157.jpg 1536w, https:\/\/clairegillet.com\/wp-content\/uploads\/2026\/03\/PXL_20251219_181051023-2048x1542.jpg 2048w\" sizes=\"auto, (max-width: 1024px) 100vw, 1024px\" \/><\/figure>\n\n\n\n<figure class=\"wp-block-image size-large\"><img loading=\"lazy\" decoding=\"async\" width=\"771\" height=\"1024\" data-id=\"904\" src=\"https:\/\/clairegillet.com\/wp-content\/uploads\/2026\/03\/PXL_20250920_154120661-771x1024.jpg\" alt=\"\" class=\"wp-image-904\" srcset=\"https:\/\/clairegillet.com\/wp-content\/uploads\/2026\/03\/PXL_20250920_154120661-771x1024.jpg 771w, https:\/\/clairegillet.com\/wp-content\/uploads\/2026\/03\/PXL_20250920_154120661-226x300.jpg 226w, https:\/\/clairegillet.com\/wp-content\/uploads\/2026\/03\/PXL_20250920_154120661-768x1020.jpg 768w, https:\/\/clairegillet.com\/wp-content\/uploads\/2026\/03\/PXL_20250920_154120661-1157x1536.jpg 1157w, https:\/\/clairegillet.com\/wp-content\/uploads\/2026\/03\/PXL_20250920_154120661-1542x2048.jpg 1542w, https:\/\/clairegillet.com\/wp-content\/uploads\/2026\/03\/PXL_20250920_154120661-scaled.jpg 1928w\" sizes=\"auto, (max-width: 771px) 100vw, 771px\" \/><\/figure>\n\n\n\n<figure class=\"wp-block-image size-large\"><img loading=\"lazy\" decoding=\"async\" width=\"1024\" height=\"771\" data-id=\"903\" src=\"https:\/\/clairegillet.com\/wp-content\/uploads\/2026\/03\/PXL_20250920_154113575-1024x771.jpg\" alt=\"\" class=\"wp-image-903\" srcset=\"https:\/\/clairegillet.com\/wp-content\/uploads\/2026\/03\/PXL_20250920_154113575-1024x771.jpg 1024w, https:\/\/clairegillet.com\/wp-content\/uploads\/2026\/03\/PXL_20250920_154113575-300x226.jpg 300w, https:\/\/clairegillet.com\/wp-content\/uploads\/2026\/03\/PXL_20250920_154113575-768x578.jpg 768w, https:\/\/clairegillet.com\/wp-content\/uploads\/2026\/03\/PXL_20250920_154113575-1536x1157.jpg 1536w, https:\/\/clairegillet.com\/wp-content\/uploads\/2026\/03\/PXL_20250920_154113575-2048x1542.jpg 2048w\" sizes=\"auto, (max-width: 1024px) 100vw, 1024px\" \/><\/figure>\n\n\n\n<figure class=\"wp-block-image size-large\"><img loading=\"lazy\" decoding=\"async\" width=\"771\" height=\"1024\" data-id=\"901\" src=\"https:\/\/clairegillet.com\/wp-content\/uploads\/2026\/03\/PXL_20250830_131955184-771x1024.jpg\" alt=\"\" class=\"wp-image-901\" srcset=\"https:\/\/clairegillet.com\/wp-content\/uploads\/2026\/03\/PXL_20250830_131955184-771x1024.jpg 771w, https:\/\/clairegillet.com\/wp-content\/uploads\/2026\/03\/PXL_20250830_131955184-226x300.jpg 226w, https:\/\/clairegillet.com\/wp-content\/uploads\/2026\/03\/PXL_20250830_131955184-768x1020.jpg 768w, https:\/\/clairegillet.com\/wp-content\/uploads\/2026\/03\/PXL_20250830_131955184-1157x1536.jpg 1157w, https:\/\/clairegillet.com\/wp-content\/uploads\/2026\/03\/PXL_20250830_131955184-1542x2048.jpg 1542w, https:\/\/clairegillet.com\/wp-content\/uploads\/2026\/03\/PXL_20250830_131955184-scaled.jpg 1928w\" sizes=\"auto, (max-width: 771px) 100vw, 771px\" \/><\/figure>\n\n\n\n<figure class=\"wp-block-image size-large\"><img loading=\"lazy\" decoding=\"async\" width=\"771\" height=\"1024\" data-id=\"889\" src=\"https:\/\/clairegillet.com\/wp-content\/uploads\/2026\/03\/PXL_20250201_164650800-771x1024.jpg\" alt=\"\" class=\"wp-image-889\" srcset=\"https:\/\/clairegillet.com\/wp-content\/uploads\/2026\/03\/PXL_20250201_164650800-771x1024.jpg 771w, https:\/\/clairegillet.com\/wp-content\/uploads\/2026\/03\/PXL_20250201_164650800-226x300.jpg 226w, https:\/\/clairegillet.com\/wp-content\/uploads\/2026\/03\/PXL_20250201_164650800-768x1020.jpg 768w, https:\/\/clairegillet.com\/wp-content\/uploads\/2026\/03\/PXL_20250201_164650800-1157x1536.jpg 1157w, https:\/\/clairegillet.com\/wp-content\/uploads\/2026\/03\/PXL_20250201_164650800-1542x2048.jpg 1542w, https:\/\/clairegillet.com\/wp-content\/uploads\/2026\/03\/PXL_20250201_164650800-scaled.jpg 1928w\" sizes=\"auto, (max-width: 771px) 100vw, 771px\" \/><\/figure>\n\n\n\n<figure class=\"wp-block-image size-large\"><img loading=\"lazy\" decoding=\"async\" width=\"771\" height=\"1024\" data-id=\"887\" src=\"https:\/\/clairegillet.com\/wp-content\/uploads\/2026\/03\/PXL_20250201_164642498-771x1024.jpg\" alt=\"\" class=\"wp-image-887\" srcset=\"https:\/\/clairegillet.com\/wp-content\/uploads\/2026\/03\/PXL_20250201_164642498-771x1024.jpg 771w, https:\/\/clairegillet.com\/wp-content\/uploads\/2026\/03\/PXL_20250201_164642498-226x300.jpg 226w, https:\/\/clairegillet.com\/wp-content\/uploads\/2026\/03\/PXL_20250201_164642498-768x1020.jpg 768w, https:\/\/clairegillet.com\/wp-content\/uploads\/2026\/03\/PXL_20250201_164642498-1157x1536.jpg 1157w, https:\/\/clairegillet.com\/wp-content\/uploads\/2026\/03\/PXL_20250201_164642498-1542x2048.jpg 1542w, https:\/\/clairegillet.com\/wp-content\/uploads\/2026\/03\/PXL_20250201_164642498-scaled.jpg 1928w\" sizes=\"auto, (max-width: 771px) 100vw, 771px\" \/><\/figure>\n\n\n\n<figure class=\"wp-block-image size-large\"><img loading=\"lazy\" decoding=\"async\" width=\"1024\" height=\"771\" data-id=\"902\" src=\"https:\/\/clairegillet.com\/wp-content\/uploads\/2026\/03\/PXL_20250830_132002388-1024x771.jpg\" alt=\"\" class=\"wp-image-902\" srcset=\"https:\/\/clairegillet.com\/wp-content\/uploads\/2026\/03\/PXL_20250830_132002388-1024x771.jpg 1024w, https:\/\/clairegillet.com\/wp-content\/uploads\/2026\/03\/PXL_20250830_132002388-300x226.jpg 300w, https:\/\/clairegillet.com\/wp-content\/uploads\/2026\/03\/PXL_20250830_132002388-768x578.jpg 768w, https:\/\/clairegillet.com\/wp-content\/uploads\/2026\/03\/PXL_20250830_132002388-1536x1157.jpg 1536w, https:\/\/clairegillet.com\/wp-content\/uploads\/2026\/03\/PXL_20250830_132002388-2048x1542.jpg 2048w\" sizes=\"auto, (max-width: 1024px) 100vw, 1024px\" \/><\/figure>\n\n\n\n<figure class=\"wp-block-image size-large\"><img loading=\"lazy\" decoding=\"async\" width=\"1024\" height=\"771\" data-id=\"900\" src=\"https:\/\/clairegillet.com\/wp-content\/uploads\/2026\/03\/PXL_20250822_222407662-1024x771.jpg\" alt=\"\" class=\"wp-image-900\" srcset=\"https:\/\/clairegillet.com\/wp-content\/uploads\/2026\/03\/PXL_20250822_222407662-1024x771.jpg 1024w, https:\/\/clairegillet.com\/wp-content\/uploads\/2026\/03\/PXL_20250822_222407662-300x226.jpg 300w, https:\/\/clairegillet.com\/wp-content\/uploads\/2026\/03\/PXL_20250822_222407662-768x578.jpg 768w, https:\/\/clairegillet.com\/wp-content\/uploads\/2026\/03\/PXL_20250822_222407662-1536x1157.jpg 1536w, https:\/\/clairegillet.com\/wp-content\/uploads\/2026\/03\/PXL_20250822_222407662-2048x1542.jpg 2048w\" sizes=\"auto, (max-width: 1024px) 100vw, 1024px\" \/><\/figure>\n\n\n\n<figure class=\"wp-block-image size-large\"><img loading=\"lazy\" decoding=\"async\" width=\"771\" height=\"1024\" data-id=\"898\" src=\"https:\/\/clairegillet.com\/wp-content\/uploads\/2026\/03\/PXL_20250822_222358260-771x1024.jpg\" alt=\"\" class=\"wp-image-898\" srcset=\"https:\/\/clairegillet.com\/wp-content\/uploads\/2026\/03\/PXL_20250822_222358260-771x1024.jpg 771w, https:\/\/clairegillet.com\/wp-content\/uploads\/2026\/03\/PXL_20250822_222358260-226x300.jpg 226w, https:\/\/clairegillet.com\/wp-content\/uploads\/2026\/03\/PXL_20250822_222358260-768x1020.jpg 768w, https:\/\/clairegillet.com\/wp-content\/uploads\/2026\/03\/PXL_20250822_222358260-1157x1536.jpg 1157w, https:\/\/clairegillet.com\/wp-content\/uploads\/2026\/03\/PXL_20250822_222358260-1542x2048.jpg 1542w, https:\/\/clairegillet.com\/wp-content\/uploads\/2026\/03\/PXL_20250822_222358260-scaled.jpg 1928w\" sizes=\"auto, (max-width: 771px) 100vw, 771px\" \/><\/figure>\n<\/figure>\n\n\n\n<figure class=\"wp-block-gallery has-nested-images columns-default is-cropped wp-block-gallery-7 is-layout-flex wp-block-gallery-is-layout-flex\">\n<figure class=\"wp-block-image size-large\"><img loading=\"lazy\" decoding=\"async\" width=\"1024\" height=\"681\" data-id=\"886\" src=\"https:\/\/clairegillet.com\/wp-content\/uploads\/2026\/03\/CG0_3717-1024x681.jpg\" alt=\"\" class=\"wp-image-886\" srcset=\"https:\/\/clairegillet.com\/wp-content\/uploads\/2026\/03\/CG0_3717-1024x681.jpg 1024w, https:\/\/clairegillet.com\/wp-content\/uploads\/2026\/03\/CG0_3717-300x200.jpg 300w, https:\/\/clairegillet.com\/wp-content\/uploads\/2026\/03\/CG0_3717-768x511.jpg 768w, https:\/\/clairegillet.com\/wp-content\/uploads\/2026\/03\/CG0_3717-1536x1022.jpg 1536w, https:\/\/clairegillet.com\/wp-content\/uploads\/2026\/03\/CG0_3717-2048x1363.jpg 2048w\" sizes=\"auto, (max-width: 1024px) 100vw, 1024px\" \/><\/figure>\n<\/figure>\n<\/div>\n<\/div>\n\n\n\n<div class=\"wp-block-media-text is-stacked-on-mobile\"><figure class=\"wp-block-media-text__media\"><\/figure><div class=\"wp-block-media-text__content\">\n<p><\/p>\n<\/div><\/div>\n","protected":false},"excerpt":{"rendered":"","protected":false},"author":1,"featured_media":0,"parent":0,"menu_order":0,"comment_status":"closed","ping_status":"closed","template":"","meta":{"footnotes":""},"class_list":["post-252","page","type-page","status-publish","hentry"],"jetpack_sharing_enabled":true,"_links":{"self":[{"href":"https:\/\/clairegillet.com\/index.php?rest_route=\/wp\/v2\/pages\/252","targetHints":{"allow":["GET"]}}],"collection":[{"href":"https:\/\/clairegillet.com\/index.php?rest_route=\/wp\/v2\/pages"}],"about":[{"href":"https:\/\/clairegillet.com\/index.php?rest_route=\/wp\/v2\/types\/page"}],"author":[{"embeddable":true,"href":"https:\/\/clairegillet.com\/index.php?rest_route=\/wp\/v2\/users\/1"}],"replies":[{"embeddable":true,"href":"https:\/\/clairegillet.com\/index.php?rest_route=%2Fwp%2Fv2%2Fcomments&post=252"}],"version-history":[{"count":8,"href":"https:\/\/clairegillet.com\/index.php?rest_route=\/wp\/v2\/pages\/252\/revisions"}],"predecessor-version":[{"id":969,"href":"https:\/\/clairegillet.com\/index.php?rest_route=\/wp\/v2\/pages\/252\/revisions\/969"}],"wp:attachment":[{"href":"https:\/\/clairegillet.com\/index.php?rest_route=%2Fwp%2Fv2%2Fmedia&parent=252"}],"curies":[{"name":"wp","href":"https:\/\/api.w.org\/{rel}","templated":true}]}}