{"id":154,"date":"2024-03-21T10:56:58","date_gmt":"2024-03-21T09:56:58","guid":{"rendered":"https:\/\/clairegillet.com\/?page_id=154"},"modified":"2024-04-29T11:03:40","modified_gmt":"2024-04-29T09:03:40","slug":"zoodobox-le-photobooth","status":"publish","type":"page","link":"https:\/\/clairegillet.com\/?page_id=154","title":{"rendered":"Zoodobox : le photobooth"},"content":{"rendered":"\n<div class=\"wp-block-media-text is-stacked-on-mobile is-vertically-aligned-center\"><figure class=\"wp-block-media-text__media\"><img loading=\"lazy\" decoding=\"async\" width=\"681\" height=\"1024\" src=\"https:\/\/clairegillet.com\/wp-content\/uploads\/2024\/03\/CG0_4421-681x1024.jpg\" alt=\"\" class=\"wp-image-166 size-full\" srcset=\"https:\/\/clairegillet.com\/wp-content\/uploads\/2024\/03\/CG0_4421-681x1024.jpg 681w, https:\/\/clairegillet.com\/wp-content\/uploads\/2024\/03\/CG0_4421-200x300.jpg 200w, https:\/\/clairegillet.com\/wp-content\/uploads\/2024\/03\/CG0_4421-768x1154.jpg 768w, https:\/\/clairegillet.com\/wp-content\/uploads\/2024\/03\/CG0_4421-1022x1536.jpg 1022w, https:\/\/clairegillet.com\/wp-content\/uploads\/2024\/03\/CG0_4421-1363x2048.jpg 1363w, https:\/\/clairegillet.com\/wp-content\/uploads\/2024\/03\/CG0_4421-scaled.jpg 1703w\" sizes=\"auto, (max-width: 681px) 100vw, 681px\" \/><\/figure><div class=\"wp-block-media-text__content\">\n<p>Qu\u2019est ce qu\u2019un photobooth ?<\/p>\n\n\n\n<p class=\"has-text-align-left\">C\u2019est un appareil photo avec un \u00e9cran tactile ainsi qu\u2019une imprimante professionnelle, le tout\u00ab habill\u00e9 \u00bb d\u2019une belle bo\u00eete en bois massif. <\/p>\n\n\n\n<p class=\"has-text-align-left\">Ce dispositif est l&rsquo;ingr\u00e9dient essentiel \u00e0 vos \u00e9v\u00e9nements familiaux et d&rsquo;entreprises, Il vous permettra de \u00ab\u00a0vivre une exp\u00e9rience \u00bb et d&rsquo;apporter de la joie et du fun!<\/p>\n<\/div><\/div>\n\n\n\n<figure class=\"wp-block-gallery has-nested-images columns-default is-cropped wp-block-gallery-1 is-layout-flex wp-block-gallery-is-layout-flex\">\n<figure class=\"wp-block-image size-full\"><a href=\"https:\/\/clairegillet.com\/?page_id=243\"><img loading=\"lazy\" decoding=\"async\" width=\"540\" height=\"540\" data-id=\"234\" src=\"https:\/\/clairegillet.com\/wp-content\/uploads\/2024\/03\/Formules-1.jpg\" alt=\"\" class=\"wp-image-234\" srcset=\"https:\/\/clairegillet.com\/wp-content\/uploads\/2024\/03\/Formules-1.jpg 540w, https:\/\/clairegillet.com\/wp-content\/uploads\/2024\/03\/Formules-1-300x300.jpg 300w, https:\/\/clairegillet.com\/wp-content\/uploads\/2024\/03\/Formules-1-150x150.jpg 150w\" sizes=\"auto, (max-width: 540px) 100vw, 540px\" \/><\/a><\/figure>\n\n\n\n<figure class=\"wp-block-image size-full\"><a href=\"https:\/\/clairegillet.com\/?page_id=245\"><img loading=\"lazy\" decoding=\"async\" width=\"540\" height=\"540\" data-id=\"235\" src=\"https:\/\/clairegillet.com\/wp-content\/uploads\/2024\/03\/decors-et-accessoires-1.jpg\" alt=\"\" class=\"wp-image-235\" srcset=\"https:\/\/clairegillet.com\/wp-content\/uploads\/2024\/03\/decors-et-accessoires-1.jpg 540w, https:\/\/clairegillet.com\/wp-content\/uploads\/2024\/03\/decors-et-accessoires-1-300x300.jpg 300w, https:\/\/clairegillet.com\/wp-content\/uploads\/2024\/03\/decors-et-accessoires-1-150x150.jpg 150w\" sizes=\"auto, (max-width: 540px) 100vw, 540px\" \/><\/a><\/figure>\n\n\n\n<figure class=\"wp-block-image size-full\"><a href=\"https:\/\/clairegillet.com\/?page_id=252\"><img loading=\"lazy\" decoding=\"async\" width=\"540\" height=\"540\" data-id=\"255\" src=\"https:\/\/clairegillet.com\/wp-content\/uploads\/2024\/03\/Zoodobox-en-action.jpg\" alt=\"\" class=\"wp-image-255\" srcset=\"https:\/\/clairegillet.com\/wp-content\/uploads\/2024\/03\/Zoodobox-en-action.jpg 540w, https:\/\/clairegillet.com\/wp-content\/uploads\/2024\/03\/Zoodobox-en-action-300x300.jpg 300w, https:\/\/clairegillet.com\/wp-content\/uploads\/2024\/03\/Zoodobox-en-action-150x150.jpg 150w\" sizes=\"auto, (max-width: 540px) 100vw, 540px\" \/><\/a><\/figure>\n<\/figure>\n","protected":false},"excerpt":{"rendered":"<p>Qu\u2019est ce qu\u2019un photobooth ? C\u2019est un appareil photo avec un \u00e9cran tactile ainsi qu\u2019une imprimante professionnelle, le tout\u00ab habill\u00e9&hellip; <\/p>\n","protected":false},"author":1,"featured_media":0,"parent":0,"menu_order":0,"comment_status":"closed","ping_status":"closed","template":"","meta":{"footnotes":""},"class_list":["post-154","page","type-page","status-publish","hentry"],"jetpack_sharing_enabled":true,"_links":{"self":[{"href":"https:\/\/clairegillet.com\/index.php?rest_route=\/wp\/v2\/pages\/154","targetHints":{"allow":["GET"]}}],"collection":[{"href":"https:\/\/clairegillet.com\/index.php?rest_route=\/wp\/v2\/pages"}],"about":[{"href":"https:\/\/clairegillet.com\/index.php?rest_route=\/wp\/v2\/types\/page"}],"author":[{"embeddable":true,"href":"https:\/\/clairegillet.com\/index.php?rest_route=\/wp\/v2\/users\/1"}],"replies":[{"embeddable":true,"href":"https:\/\/clairegillet.com\/index.php?rest_route=%2Fwp%2Fv2%2Fcomments&post=154"}],"version-history":[{"count":16,"href":"https:\/\/clairegillet.com\/index.php?rest_route=\/wp\/v2\/pages\/154\/revisions"}],"predecessor-version":[{"id":261,"href":"https:\/\/clairegillet.com\/index.php?rest_route=\/wp\/v2\/pages\/154\/revisions\/261"}],"wp:attachment":[{"href":"https:\/\/clairegillet.com\/index.php?rest_route=%2Fwp%2Fv2%2Fmedia&parent=154"}],"curies":[{"name":"wp","href":"https:\/\/api.w.org\/{rel}","templated":true}]}}